{"id":380,"date":"2024-12-16T00:21:46","date_gmt":"2024-12-16T04:21:46","guid":{"rendered":"https:\/\/evertonborges.com.br\/?page_id=380"},"modified":"2024-12-18T13:48:21","modified_gmt":"2024-12-18T17:48:21","slug":"cloop-2","status":"publish","type":"page","link":"https:\/\/evertonborges.com.br\/pt\/portfolio\/cloop-2\/","title":{"rendered":"Cloop"},"content":{"rendered":"<div data-elementor-type=\"wp-page\" data-elementor-id=\"380\" class=\"elementor elementor-380\">\n\t\t\t\t<div class=\"elementor-element elementor-element-1f99a98a e-flex e-con-boxed e-con e-parent\" data-id=\"1f99a98a\" data-element_type=\"container\" data-e-type=\"container\">\n\t\t\t\t\t<div class=\"e-con-inner\">\n\t\t\t\t<div class=\"elementor-element elementor-element-4502089d elementor-widget elementor-widget-heading\" data-id=\"4502089d\" data-element_type=\"widget\" data-e-type=\"widget\" data-widget_type=\"heading.default\">\n\t\t\t\t<div class=\"elementor-widget-container\">\n\t\t\t\t\t<h2 class=\"elementor-heading-title elementor-size-default\">Cloop<\/h2>\t\t\t\t<\/div>\n\t\t\t\t<\/div>\n\t\t\t\t<div class=\"elementor-element elementor-element-317e90cc elementor-widget elementor-widget-text-editor\" data-id=\"317e90cc\" data-element_type=\"widget\" data-e-type=\"widget\" data-widget_type=\"text-editor.default\">\n\t\t\t\t<div class=\"elementor-widget-container\">\n\t\t\t\t\t\t\t\t\t<p>From SEP 2023<\/p>\t\t\t\t\t\t\t\t<\/div>\n\t\t\t\t<\/div>\n\t\t\t\t<div class=\"elementor-element elementor-element-6184aa1 elementor-widget elementor-widget-heading\" data-id=\"6184aa1\" data-element_type=\"widget\" data-e-type=\"widget\" data-widget_type=\"heading.default\">\n\t\t\t\t<div class=\"elementor-widget-container\">\n\t\t\t\t\t<h2 class=\"elementor-heading-title elementor-size-default\"><a href=\"https:\/\/play.google.com\/store\/apps\/details?id=com.splashpunk.cloop\" target=\"_blank\">Play at this link<\/a><\/h2>\t\t\t\t<\/div>\n\t\t\t\t<\/div>\n\t\t\t\t<div class=\"elementor-element elementor-element-d7a520f elementor-widget-divider--view-line elementor-widget elementor-widget-divider\" data-id=\"d7a520f\" data-element_type=\"widget\" data-e-type=\"widget\" data-widget_type=\"divider.default\">\n\t\t\t\t<div class=\"elementor-widget-container\">\n\t\t\t\t\t\t\t<div class=\"elementor-divider\">\n\t\t\t<span class=\"elementor-divider-separator\">\n\t\t\t\t\t\t<\/span>\n\t\t<\/div>\n\t\t\t\t\t\t<\/div>\n\t\t\t\t<\/div>\n\t\t\t\t<div class=\"elementor-element elementor-element-2ea170a elementor-widget elementor-widget-heading\" data-id=\"2ea170a\" data-element_type=\"widget\" data-e-type=\"widget\" data-widget_type=\"heading.default\">\n\t\t\t\t<div class=\"elementor-widget-container\">\n\t\t\t\t\t<h2 class=\"elementor-heading-title elementor-size-default\">About the game<\/h2>\t\t\t\t<\/div>\n\t\t\t\t<\/div>\n\t\t\t\t<div class=\"elementor-element elementor-element-18f981c5 elementor-widget elementor-widget-text-editor\" data-id=\"18f981c5\" data-element_type=\"widget\" data-e-type=\"widget\" data-widget_type=\"text-editor.default\">\n\t\t\t\t<div class=\"elementor-widget-container\">\n\t\t\t\t\t\t\t\t\tBe accurate to get further and get your best score\t\t\t\t\t\t\t\t<\/div>\n\t\t\t\t<\/div>\n\t\t\t\t<div class=\"elementor-element elementor-element-4a8eb8b3 elementor-widget elementor-widget-heading\" data-id=\"4a8eb8b3\" data-element_type=\"widget\" data-e-type=\"widget\" data-widget_type=\"heading.default\">\n\t\t\t\t<div class=\"elementor-widget-container\">\n\t\t\t\t\t<h2 class=\"elementor-heading-title elementor-size-default\">Funcionalidades<\/h2>\t\t\t\t<\/div>\n\t\t\t\t<\/div>\n\t\t\t\t<div class=\"elementor-element elementor-element-444f9e64 elementor-widget elementor-widget-text-editor\" data-id=\"444f9e64\" data-element_type=\"widget\" data-e-type=\"widget\" data-widget_type=\"text-editor.default\">\n\t\t\t\t<div class=\"elementor-widget-container\">\n\t\t\t\t\t\t\t\t\t<ul><li>Design e implementa\u00e7\u00e3o de UI<\/li><li>Implementa\u00e7\u00e3o de sistema de propagandas<\/li><li>Implementa\u00e7\u00e3o de sistemas, como: progress\u00e3o infinita, salvamento de pontua\u00e7\u00e3o, uso do padr\u00e3o de projeto Pooling.<\/li><li>Atuei como Tech Artist para configurar URP, efeitos de luzes e p\u00f3s-processamento.<\/li><\/ul>\t\t\t\t\t\t\t\t<\/div>\n\t\t\t\t<\/div>\n\t\t\t\t<div class=\"elementor-element elementor-element-1a13c1d elementor-widget elementor-widget-heading\" data-id=\"1a13c1d\" data-element_type=\"widget\" data-e-type=\"widget\" data-widget_type=\"heading.default\">\n\t\t\t\t<div class=\"elementor-widget-container\">\n\t\t\t\t\t<h2 class=\"elementor-heading-title elementor-size-default\">Medias<\/h2>\t\t\t\t<\/div>\n\t\t\t\t<\/div>\n\t\t\t\t<div class=\"elementor-element elementor-element-4a765c5d elementor-widget elementor-widget-video\" data-id=\"4a765c5d\" data-element_type=\"widget\" data-e-type=\"widget\" data-settings=\"{&quot;video_type&quot;:&quot;hosted&quot;,&quot;controls&quot;:&quot;yes&quot;}\" data-widget_type=\"video.default\">\n\t\t\t\t<div class=\"elementor-widget-container\">\n\t\t\t\t\t\t\t<div class=\"e-hosted-video elementor-wrapper elementor-open-inline\">\n\t\t\t\t\t<video class=\"elementor-video\" src=\"https:\/\/evertonborges.com.br\/wp-content\/uploads\/2024\/12\/project_cloop.mp4\" controls=\"\" preload=\"metadata\" controlslist=\"nodownload\"><\/video>\n\t\t\t\t<\/div>\n\t\t\t\t\t\t<\/div>\n\t\t\t\t<\/div>\n\t\t\t\t<div class=\"elementor-element elementor-element-ebad671 elementor-arrows-position-inside elementor-widget elementor-widget-image-carousel\" data-id=\"ebad671\" data-element_type=\"widget\" data-e-type=\"widget\" data-settings=\"{&quot;slides_to_show&quot;:&quot;3&quot;,&quot;navigation&quot;:&quot;arrows&quot;,&quot;image_spacing_custom&quot;:{&quot;unit&quot;:&quot;px&quot;,&quot;size&quot;:16,&quot;sizes&quot;:[]},&quot;autoplay&quot;:&quot;yes&quot;,&quot;pause_on_hover&quot;:&quot;yes&quot;,&quot;pause_on_interaction&quot;:&quot;yes&quot;,&quot;autoplay_speed&quot;:5000,&quot;infinite&quot;:&quot;yes&quot;,&quot;speed&quot;:500,&quot;image_spacing_custom_tablet&quot;:{&quot;unit&quot;:&quot;px&quot;,&quot;size&quot;:&quot;&quot;,&quot;sizes&quot;:[]},&quot;image_spacing_custom_mobile&quot;:{&quot;unit&quot;:&quot;px&quot;,&quot;size&quot;:&quot;&quot;,&quot;sizes&quot;:[]}}\" data-widget_type=\"image-carousel.default\">\n\t\t\t\t<div class=\"elementor-widget-container\">\n\t\t\t\t\t\t\t<div class=\"elementor-image-carousel-wrapper swiper\" role=\"region\" aria-roledescription=\"carousel\" aria-label=\"Image Carousel\" dir=\"ltr\">\n\t\t\t<div class=\"elementor-image-carousel swiper-wrapper swiper-image-stretch\" aria-live=\"off\">\n\t\t\t\t\t\t\t\t<div class=\"swiper-slide\" role=\"group\" aria-roledescription=\"slide\" aria-label=\"1 of 5\"><a data-elementor-open-lightbox=\"yes\" data-elementor-lightbox-slideshow=\"ebad671\" data-elementor-lightbox-title=\"Cloop_Gameplay\" data-e-action-hash=\"#elementor-action%3Aaction%3Dlightbox%26settings%3DeyJpZCI6NjI1LCJ1cmwiOiJodHRwczpcL1wvZXZlcnRvbmJvcmdlcy5jb20uYnJcL3dwLWNvbnRlbnRcL3VwbG9hZHNcLzIwMjRcLzEyXC9DbG9vcF9HYW1lcGxheS5wbmciLCJzbGlkZXNob3ciOiJlYmFkNjcxIn0%3D\" href=\"https:\/\/evertonborges.com.br\/wp-content\/uploads\/2024\/12\/Cloop_Gameplay.png\"><figure class=\"swiper-slide-inner\"><img decoding=\"async\" class=\"swiper-slide-image\" src=\"https:\/\/evertonborges.com.br\/wp-content\/uploads\/2024\/12\/Cloop_Gameplay.png\" alt=\"Cloop_Gameplay\" \/><\/figure><\/a><\/div><div class=\"swiper-slide\" role=\"group\" aria-roledescription=\"slide\" aria-label=\"2 of 5\"><a data-elementor-open-lightbox=\"yes\" data-elementor-lightbox-slideshow=\"ebad671\" data-elementor-lightbox-title=\"Cloop_MainMenu\" data-e-action-hash=\"#elementor-action%3Aaction%3Dlightbox%26settings%3DeyJpZCI6NjI2LCJ1cmwiOiJodHRwczpcL1wvZXZlcnRvbmJvcmdlcy5jb20uYnJcL3dwLWNvbnRlbnRcL3VwbG9hZHNcLzIwMjRcLzEyXC9DbG9vcF9NYWluTWVudS5wbmciLCJzbGlkZXNob3ciOiJlYmFkNjcxIn0%3D\" href=\"https:\/\/evertonborges.com.br\/wp-content\/uploads\/2024\/12\/Cloop_MainMenu.png\"><figure class=\"swiper-slide-inner\"><img decoding=\"async\" class=\"swiper-slide-image\" src=\"https:\/\/evertonborges.com.br\/wp-content\/uploads\/2024\/12\/Cloop_MainMenu.png\" alt=\"Cloop_MainMenu\" \/><\/figure><\/a><\/div><div class=\"swiper-slide\" role=\"group\" aria-roledescription=\"slide\" aria-label=\"3 of 5\"><a data-elementor-open-lightbox=\"yes\" data-elementor-lightbox-slideshow=\"ebad671\" data-elementor-lightbox-title=\"Cloop_Gameplay_1\" data-e-action-hash=\"#elementor-action%3Aaction%3Dlightbox%26settings%3DeyJpZCI6NjI3LCJ1cmwiOiJodHRwczpcL1wvZXZlcnRvbmJvcmdlcy5jb20uYnJcL3dwLWNvbnRlbnRcL3VwbG9hZHNcLzIwMjRcLzEyXC9DbG9vcF9HYW1lcGxheV8xLndlYnAiLCJzbGlkZXNob3ciOiJlYmFkNjcxIn0%3D\" href=\"https:\/\/evertonborges.com.br\/wp-content\/uploads\/2024\/12\/Cloop_Gameplay_1.webp\"><figure class=\"swiper-slide-inner\"><img decoding=\"async\" class=\"swiper-slide-image\" src=\"https:\/\/evertonborges.com.br\/wp-content\/uploads\/2024\/12\/Cloop_Gameplay_1.webp\" alt=\"Cloop_Gameplay_1\" \/><\/figure><\/a><\/div><div class=\"swiper-slide\" role=\"group\" aria-roledescription=\"slide\" aria-label=\"4 of 5\"><a data-elementor-open-lightbox=\"yes\" data-elementor-lightbox-slideshow=\"ebad671\" data-elementor-lightbox-title=\"Cloop_Gameplay_2\" data-e-action-hash=\"#elementor-action%3Aaction%3Dlightbox%26settings%3DeyJpZCI6NjI4LCJ1cmwiOiJodHRwczpcL1wvZXZlcnRvbmJvcmdlcy5jb20uYnJcL3dwLWNvbnRlbnRcL3VwbG9hZHNcLzIwMjRcLzEyXC9DbG9vcF9HYW1lcGxheV8yLndlYnAiLCJzbGlkZXNob3ciOiJlYmFkNjcxIn0%3D\" href=\"https:\/\/evertonborges.com.br\/wp-content\/uploads\/2024\/12\/Cloop_Gameplay_2.webp\"><figure class=\"swiper-slide-inner\"><img decoding=\"async\" class=\"swiper-slide-image\" src=\"https:\/\/evertonborges.com.br\/wp-content\/uploads\/2024\/12\/Cloop_Gameplay_2.webp\" alt=\"Cloop_Gameplay_2\" \/><\/figure><\/a><\/div><div class=\"swiper-slide\" role=\"group\" aria-roledescription=\"slide\" aria-label=\"5 of 5\"><a data-elementor-open-lightbox=\"yes\" data-elementor-lightbox-slideshow=\"ebad671\" data-elementor-lightbox-title=\"Cloop_Gameplay_3\" data-e-action-hash=\"#elementor-action%3Aaction%3Dlightbox%26settings%3DeyJpZCI6NjI5LCJ1cmwiOiJodHRwczpcL1wvZXZlcnRvbmJvcmdlcy5jb20uYnJcL3dwLWNvbnRlbnRcL3VwbG9hZHNcLzIwMjRcLzEyXC9DbG9vcF9HYW1lcGxheV8zLndlYnAiLCJzbGlkZXNob3ciOiJlYmFkNjcxIn0%3D\" href=\"https:\/\/evertonborges.com.br\/wp-content\/uploads\/2024\/12\/Cloop_Gameplay_3.webp\"><figure class=\"swiper-slide-inner\"><img decoding=\"async\" class=\"swiper-slide-image\" src=\"https:\/\/evertonborges.com.br\/wp-content\/uploads\/2024\/12\/Cloop_Gameplay_3.webp\" alt=\"Cloop_Gameplay_3\" \/><\/figure><\/a><\/div>\t\t\t<\/div>\n\t\t\t\t\t\t\t\t\t\t\t\t<div class=\"elementor-swiper-button elementor-swiper-button-prev\" role=\"button\" tabindex=\"0\">\n\t\t\t\t\t\t<svg aria-hidden=\"true\" class=\"e-font-icon-svg e-eicon-chevron-left\" viewbox=\"0 0 1000 1000\" xmlns=\"http:\/\/www.w3.org\/2000\/svg\"><path d=\"M646 125C629 125 613 133 604 142L308 442C296 454 292 471 292 487 292 504 296 521 308 533L604 854C617 867 629 875 646 875 663 875 679 871 692 858 704 846 713 829 713 812 713 796 708 779 692 767L438 487 692 225C700 217 708 204 708 187 708 171 704 154 692 142 675 129 663 125 646 125Z\"><\/path><\/svg>\t\t\t\t\t<\/div>\n\t\t\t\t\t<div class=\"elementor-swiper-button elementor-swiper-button-next\" role=\"button\" tabindex=\"0\">\n\t\t\t\t\t\t<svg aria-hidden=\"true\" class=\"e-font-icon-svg e-eicon-chevron-right\" viewbox=\"0 0 1000 1000\" xmlns=\"http:\/\/www.w3.org\/2000\/svg\"><path d=\"M696 533C708 521 713 504 713 487 713 471 708 454 696 446L400 146C388 133 375 125 354 125 338 125 325 129 313 142 300 154 292 171 292 187 292 204 296 221 308 233L563 492 304 771C292 783 288 800 288 817 288 833 296 850 308 863 321 871 338 875 354 875 371 875 388 867 400 854L696 533Z\"><\/path><\/svg>\t\t\t\t\t<\/div>\n\t\t\t\t\n\t\t\t\t\t\t\t\t\t<\/div>\n\t\t\t\t\t\t<\/div>\n\t\t\t\t<\/div>\n\t\t\t\t\t<\/div>\n\t\t\t\t<\/div>\n\t\t\t\t<\/div>","protected":false},"excerpt":{"rendered":"<p>Cloop From SEP 2023 Play at this link About the game Be accurate to get further and get your best score Features Design and implement UI\/UX Implement advertisement system Implementation of systems, such as: infinity progression, score save, use of design pattern pooling. Tech Artist configuring Universal Render Pipeline, lightning effects and post-processing. Medias https:\/\/evertonborges.com.br\/wp-content\/uploads\/2024\/12\/project_cloop.mp4<\/p>","protected":false},"author":1,"featured_media":0,"parent":420,"menu_order":0,"comment_status":"closed","ping_status":"closed","template":"","meta":{"footnotes":""},"class_list":["post-380","page","type-page","status-publish","hentry"],"_links":{"self":[{"href":"https:\/\/evertonborges.com.br\/pt\/wp-json\/wp\/v2\/pages\/380","targetHints":{"allow":["GET"]}}],"collection":[{"href":"https:\/\/evertonborges.com.br\/pt\/wp-json\/wp\/v2\/pages"}],"about":[{"href":"https:\/\/evertonborges.com.br\/pt\/wp-json\/wp\/v2\/types\/page"}],"author":[{"embeddable":true,"href":"https:\/\/evertonborges.com.br\/pt\/wp-json\/wp\/v2\/users\/1"}],"replies":[{"embeddable":true,"href":"https:\/\/evertonborges.com.br\/pt\/wp-json\/wp\/v2\/comments?post=380"}],"version-history":[{"count":13,"href":"https:\/\/evertonborges.com.br\/pt\/wp-json\/wp\/v2\/pages\/380\/revisions"}],"predecessor-version":[{"id":712,"href":"https:\/\/evertonborges.com.br\/pt\/wp-json\/wp\/v2\/pages\/380\/revisions\/712"}],"up":[{"embeddable":true,"href":"https:\/\/evertonborges.com.br\/pt\/wp-json\/wp\/v2\/pages\/420"}],"wp:attachment":[{"href":"https:\/\/evertonborges.com.br\/pt\/wp-json\/wp\/v2\/media?parent=380"}],"curies":[{"name":"wp","href":"https:\/\/api.w.org\/{rel}","templated":true}]}}