{"id":6,"date":"2024-12-11T16:08:44","date_gmt":"2024-12-11T16:08:44","guid":{"rendered":"https:\/\/evertonborges.com.br\/?page_id=6"},"modified":"2024-12-12T13:58:55","modified_gmt":"2024-12-12T17:58:55","slug":"about","status":"publish","type":"page","link":"https:\/\/evertonborges.com.br\/pt\/about\/","title":{"rendered":"Sobre"},"content":{"rendered":"<div data-elementor-type=\"wp-page\" data-elementor-id=\"6\" class=\"elementor elementor-6\">\n\t\t\t\t<div class=\"elementor-element elementor-element-1c9dd0b9 e-flex e-con-boxed elementor-invisible e-con e-parent\" data-id=\"1c9dd0b9\" data-element_type=\"container\" data-e-type=\"container\" data-settings=\"{&quot;animation&quot;:&quot;fadeInUp&quot;}\">\n\t\t\t\t\t<div class=\"e-con-inner\">\n\t\t<div class=\"elementor-element elementor-element-d3fcceb e-con-full e-flex e-con e-child\" data-id=\"d3fcceb\" data-element_type=\"container\" data-e-type=\"container\">\n\t\t<div class=\"elementor-element elementor-element-45d628c e-con-full e-flex elementor-invisible e-con e-child\" data-id=\"45d628c\" data-element_type=\"container\" data-e-type=\"container\" data-settings=\"{&quot;animation&quot;:&quot;fadeIn&quot;}\">\n\t\t\t\t<div class=\"elementor-element elementor-element-0e80694 elementor-widget elementor-widget-heading\" data-id=\"0e80694\" data-element_type=\"widget\" data-e-type=\"widget\" data-widget_type=\"heading.default\">\n\t\t\t\t<div class=\"elementor-widget-container\">\n\t\t\t\t\t<h2 class=\"elementor-heading-title elementor-size-default\">Sobre mim<\/h2>\t\t\t\t<\/div>\n\t\t\t\t<\/div>\n\t\t\t\t<div class=\"elementor-element elementor-element-77765a3 elementor-widget-divider--view-line elementor-widget elementor-widget-divider\" data-id=\"77765a3\" data-element_type=\"widget\" data-e-type=\"widget\" data-widget_type=\"divider.default\">\n\t\t\t\t<div class=\"elementor-widget-container\">\n\t\t\t\t\t\t\t<div class=\"elementor-divider\">\n\t\t\t<span class=\"elementor-divider-separator\">\n\t\t\t\t\t\t<\/span>\n\t\t<\/div>\n\t\t\t\t\t\t<\/div>\n\t\t\t\t<\/div>\n\t\t\t\t<div class=\"elementor-element elementor-element-2d3bc0db elementor-widget elementor-widget-text-editor\" data-id=\"2d3bc0db\" data-element_type=\"widget\" data-e-type=\"widget\" data-widget_type=\"text-editor.default\">\n\t\t\t\t<div class=\"elementor-widget-container\">\n\t\t\t\t\t\t\t\t\t\n<p>Ol\u00e1, meu nome \u00e9 Everton Borges e sou um desenvolvedor brasileiro de jogos indie.<\/p>\n\n<p>Sou de Manaus, Amazonas, cidade de clima equatorial considerada a porta de entrada para a maior reserva ecol\u00f3gica do planeta: a Floresta Amaz\u00f4nica. Estudei An\u00e1lise e Desenvolvimento de Sistemas no Instituto Federal do Amazonas.<\/p>\n\n<p>Tenho trabalhado com jogos nos \u00faltimos 6 anos em uma variedade de projetos, como participa\u00e7\u00e3o em Game Jams, aplicativos m\u00f3veis em meus \u00faltimos trabalhos e minha paix\u00e3o pelo desenvolvimento de jogos.<\/p>\n\n<p>Minha principal especialidade \u00e9 programa\u00e7\u00e3o, com foco principal em desenvolvimento de jogos, abrangendo mec\u00e2nica de gameplay, intelig\u00eancia artificial, ferramentas e design de interface de usu\u00e1rio. Al\u00e9m do meu interesse em desenvolvimento de jogos, tamb\u00e9m tenho grande interesse em explorar diversas tecnologias, incluindo desenvolvimento web e mobile. Al\u00e9m disso, me envolvo ativamente em outras \u00e1reas de game design e experi\u00eancia do usu\u00e1rio (UX).<\/p>\n\n<p class=\"is-style-default translation-block\">Sinta-se livre para entrar em \u00a0<a href=\"mailto:evertonsoaresborges@gmail.com\" target=\"_self\">contato<\/a>.<\/p>\n\t\t\t\t\t\t\t\t<\/div>\n\t\t\t\t<\/div>\n\t\t\t\t<\/div>\n\t\t\t\t<\/div>\n\t\t\t\t\t<\/div>\n\t\t\t\t<\/div>\n\t\t\t\t<\/div>","protected":false},"excerpt":{"rendered":"<p>About me Hello, my name is Everton Borges and I&#8217;m a Brazilian Indie Game Developer. I&#8217;m from Manaus, Amazonas a city with an equatorial climate is considered the gateway to the largest ecological reserve on the planet: the Amazon Forest. I studied Systems Analysis and Development at the Federal Institute of Amazonas. I have been [&hellip;]<\/p>\n","protected":false},"author":1,"featured_media":0,"parent":0,"menu_order":0,"comment_status":"closed","ping_status":"closed","template":"","meta":{"footnotes":""},"class_list":["post-6","page","type-page","status-publish","hentry"],"_links":{"self":[{"href":"https:\/\/evertonborges.com.br\/pt\/wp-json\/wp\/v2\/pages\/6","targetHints":{"allow":["GET"]}}],"collection":[{"href":"https:\/\/evertonborges.com.br\/pt\/wp-json\/wp\/v2\/pages"}],"about":[{"href":"https:\/\/evertonborges.com.br\/pt\/wp-json\/wp\/v2\/types\/page"}],"author":[{"embeddable":true,"href":"https:\/\/evertonborges.com.br\/pt\/wp-json\/wp\/v2\/users\/1"}],"replies":[{"embeddable":true,"href":"https:\/\/evertonborges.com.br\/pt\/wp-json\/wp\/v2\/comments?post=6"}],"version-history":[{"count":49,"href":"https:\/\/evertonborges.com.br\/pt\/wp-json\/wp\/v2\/pages\/6\/revisions"}],"predecessor-version":[{"id":265,"href":"https:\/\/evertonborges.com.br\/pt\/wp-json\/wp\/v2\/pages\/6\/revisions\/265"}],"wp:attachment":[{"href":"https:\/\/evertonborges.com.br\/pt\/wp-json\/wp\/v2\/media?parent=6"}],"curies":[{"name":"wp","href":"https:\/\/api.w.org\/{rel}","templated":true}]}}